{"id":2667,"date":"2023-06-28T10:07:43","date_gmt":"2023-06-28T08:07:43","guid":{"rendered":"http:\/\/mariarosamata.es\/aviso-legal\/"},"modified":"2025-06-18T12:06:28","modified_gmt":"2025-06-18T10:06:28","slug":"aviso-legal","status":"publish","type":"page","link":"https:\/\/www.mariarosamata.es\/es\/aviso-legal\/","title":{"rendered":"Aviso Legal"},"content":{"rendered":"<h2>LEY DE LOS SERVICIOS DE LA SOCIEDAD DE LA INFORMACI\u00d3N (LSSI)<\/h2>\n<p>Rosa Maria Mata, responsable del sitio web, en adelante RESPONSABLE, pone a disposici\u00f3n de los usuarios el presente documento, con el que pretende dar cumplimiento a las obligaciones dispuestas en la Ley 34\/2002, de 11 de julio, de servicios de la sociedad de la Informaci\u00f3n y de Comercio Electr\u00f3nico (LSSICE), BOE N\u00ba 166, as\u00ed como las condiciones<\/p>\n<p>Toda persona que acceda a este sitio web asume el papel de usuario, comprometi\u00e9ndose a la observancia y cumplimiento riguroso de las disposiciones aqu\u00ed dispuestas, as\u00ed como a cualquier otra disposici\u00f3n legal que fuera de aplicaci\u00f3n.<\/p>\n<p>Asesor\u00eda de empresas Cabes i Mata se reserva el derecho de modificar cualquier tipo de informaci\u00f3n que pudiera aparecer en el sitio web, sin que exista obligaci\u00f3n de preavisar o poner en conocimiento de los usuarios estas obligaciones, entendi\u00e9ndose como suficiente con la publicaci\u00f3n en el sitio web de Rosa Maria Mata.<\/p>\n<h3>1. DATOS IDENTIFICATIVOS<\/h3>\n<p>Nombre de dominio: mariarosamata.es<\/p>\n<p>Nombre comercial: Rosa Maria Mata<\/p>\n<p>Denominaci\u00f3n social: Rosa Maria Mata<\/p>\n<p>NIF: 37323551W<\/p>\n<p>Domicilio social: Calle Pere Calders 8, lc. 5, Molis de Rei <\/p>\n<p>Tel\u00e8fon: &#8212;&#8211;<\/p>\n<p>e-mail: &#8212;&#8211;<\/p>\n<p>Inscrita en el Registro (Mercantil \/ P\u00fablico): TARRAGONA<\/p>\n<h3>2. DERECHOS DE PROPIEDAD INTELECTUAL E INDUSTRIAL<\/h3>\n<p>El sitio web, incluyendo a t\u00edtulo enunciativo pero no limitativo su programaci\u00f3n, edici\u00f3n, compilaci\u00f3n y otros elementos necesarios para su funcionamiento, los dise\u00f1os, logotipos, texto y\/o gr\u00e1ficos, son propiedad del RESPONSABLE o, en su caso, dispone de licencia o autorizaci\u00f3n expresa por parte de los autores. Todos los contenidos del sitio web se encuentran debidamente protegidos por la normativa de propiedad intelectual e industrial, as\u00ed como inscritos en los registros p\u00fablicos correspondientes. Independientemente de la finalidad para la que fuesen destinados, la reproducci\u00f3n total o parcial, uso, explotaci\u00f3n, distribuci\u00f3n y comercializaci\u00f3n, requiere en todo caso de la autorizaci\u00f3n escrita previa por parte del RESPONSABLE. Cualquier uso no autorizado previamente se considerar\u00e1 un incumplimiento grave de los derechos de propiedad intelectual o industrial del autor. Los dise\u00f1os, logotipos, texto y\/o gr\u00e1ficos ajenos al RESPONSABLE y que pudieran aparecer en el sitio web, pertenecen a sus respectivos propietarios, siendo ellos mismos responsables de cualquier posible controversia que pudiera suscitar respecto a \u00e9stos. El RESPONSABLE autoriza expresamente a que terceros puedan redirigir directamente a los contenidos concretos del sitio web, y en todo caso redirigir al sitio web principal de Asesor\u00eda de empresas Cabes i Mata. El RESPONSABLE reconoce a favor de sus titulares los correspondientes derechos de propiedad intelectual e industrial, no implicando su sola menci\u00f3n o aparici\u00f3n en el sitio web la existencia de derechos o responsabilidad alguna sobre los mismos, como tampoco respaldo, patrocinio o recomendaci\u00f3n por parte de la misma.<\/p>\n<p>Para realizar cualquier tipo de observaci\u00f3n respecto a posibles incumplimientos de los derechos de propiedad intelectual o industrial, as\u00ed como sobre cualquiera de los contenidos del sitio web, puede realizarlo mediante el correo electr\u00f3nico &#8212;-@&#8212;&#8211;.<\/p>\n<h3>3. EXENCI\u00d3N DE RESPONSABILIDADES<\/h3>\n<p>El RESPONSABLE se exime de cualquier tipo de responsabilidad derivada de la informaci\u00f3n publicada en su sitio web siempre que esta informaci\u00f3n haya sido manipulada o introducida por un tercero ajeno al mismo.<\/p>\n<p><strong>Uso de Cookies<\/strong><\/p>\n<p>Este sitio web puede utilizar cookies t\u00e9cnicas (peque\u00f1os archivos de informaci\u00f3n que el servidor env\u00eda al ordenador de quien accede a la p\u00e1gina) para llevar a cabo determinadas funciones que son consideradas imprescindibles para el correcto funcionamiento y visualizaci\u00f3n del sitio. Las cookies utilizadas tienen, en todo caso, car\u00e1cter temporal, con el \u00fanico fin de hacer m\u00e1s eficaz la navegaci\u00f3n, y desaparecen al terminar la sesi\u00f3n del usuario. En ning\u00fan caso, estas cookies proporcionan por s\u00ed mismas datos de car\u00e1cter personal y no se utilizar\u00e1n para la recogida de los mismos. Mediante el uso de cookies tambi\u00e9n es posible que el servidor en el que se encuentra la web reconozca el navegador utilizado por el usuario con el fin de que la navegaci\u00f3n sea m\u00e1s sencilla, permitiendo, por ejemplo, el acceso de los usuarios que se hayan registrado previamente en las \u00e1reas, servicios, promociones o concursos reservados exclusivamente a ellos sin tener que registrar en cada visita. Tambi\u00e9n se pueden utilizar para medir la audiencia, par\u00e1metros de tr\u00e1fico, controlar el progreso y n\u00famero de entradas, etc, siendo en estos casos galletas prescindibles t\u00e9cnicamente pero beneficiosas para el usuario. Este sitio web no se instalar\u00e1 cookies prescindibles sin el previo consentimiento del usuario.<\/p>\n<p>El usuario tiene la posibilidad de configurar su navegador para ser alertado de la recepci\u00f3n de cookies y para impedir su instalaci\u00f3n en su equipo. Por favor, consulte las instrucciones de su navegador para ampliar esta informaci\u00f3n.<\/p>\n<p>&nbsp;<\/p>\n<p>Pol\u00edtica de enlaces<\/p>\n<p>&nbsp;<\/p>\n<p>Desde el sitio web, es posible que se redirija a contenidos de terceros sitios web. Dado que el RESPONSABLE no puede controlar siempre los contenidos introducidos por los terceros en sus respectivos sitios web, no asume ning\u00fan tipo de responsabilidad con respecto a estos contenidos. En todo caso, proceder\u00e1 a la retirada inmediata de cualquier contenido que pudiera contravenir la legislaci\u00f3n nacional o internacional, la moral o el orden p\u00fablico, procediendo a la retirada inmediata de la redirecci\u00f3n a dicho sitio web, poniendo en conocimiento de las autoridades competentes el contenido en cuesti\u00f3n. El RESPONSABLE no se hace responsable de la informaci\u00f3n y contenidos almacenados, a t\u00edtulo enunciativo pero no limitativo, en foros, chats, generadores de blogs, comentarios, redes sociales o cualquier otro medio que permita a terceros publicar contenidos de forma independiente en la p\u00e1gina web del RESPONSABLE. No obstante, y en cumplimiento de lo dispuesto en los art\u00edculos 11 y 16 de la LSSICE, se pone a disposici\u00f3n de todos los usuarios, autoridades y fuerzas de seguridad, colaborando de forma activa en la retirada o, en su caso, bloqueo de todos aquellos contenidos que puedan afectar o contravenir a la legislaci\u00f3n nacional o internacional, los derechos de terceros o la moral y el orden p\u00fablico. En caso de que el usuario considere que existe en el sitio web alg\u00fan contenido que pudiera ser susceptible de esta clasificaci\u00f3n, se ruega lo haga saber de forma inmediata al administrador del sitio web. Este sitio web ha sido revisado y probado para que funcione correctamente. En principio, puede garantizarse su correcto funcionamiento los 365 d\u00edas del a\u00f1o, 24 horas al d\u00eda. No obstante, el RESPONSABLE no descarta la posibilidad de que existan ciertos errores de programaci\u00f3n, o que se conviertan en causas de fuerza mayor, cat\u00e1strofes naturales, huelgas o circunstancias similares que hagan imposible el acceso a la p\u00e1gina web.<\/p>\n<p><strong>direcciones IP<\/strong><\/p>\n<p>Los servidores del sitio web podr\u00e1n detectar de forma autom\u00e1tica la direcci\u00f3n IP y el nombre de dominio utilizados por el usuario. Una direcci\u00f3n IP es un n\u00famero asignado autom\u00e1ticamente a un ordenador cuando \u00e9ste se conecta a Internet. Toda esta informaci\u00f3n est\u00e1 registrada en un fichero de actividad del servidor debidamente inscrito que permite el posterior procesamiento de los datos con el fin de obtener medidas \u00fanicamente estad\u00edsticas que permitan conocer el n\u00famero de impresiones de p\u00e1ginas, el n\u00famero de visitas realizadas en los servidores web, el orden de visitas, el punto de acceso, etc.<\/p>\n<h3>4. Ley aplicable y jurisdicci\u00f3n<\/h3>\n<p>Para la resoluci\u00f3n de todas las controversias o cuestiones relacionadas con el presente sitio web o de las actividades en \u00e9l desarrolladas, ser\u00e1 de aplicaci\u00f3n la legislaci\u00f3n espa\u00f1ola, a la que se someten expresamente las partes, siendo competentes para la resoluci\u00f3n de todos los conflictos derivados o relacionados con su uso los pr\u00f3ximos Juzgados y Tribunales.<\/p>\n","protected":false},"excerpt":{"rendered":"<p>LEY DE LOS SERVICIOS DE LA SOCIEDAD DE LA INFORMACI\u00d3N [&hellip;]<\/p>\n","protected":false},"author":1,"featured_media":0,"parent":0,"menu_order":0,"comment_status":"closed","ping_status":"closed","template":"100-width.php","meta":{"footnotes":""},"class_list":["post-2667","page","type-page","status-publish","hentry"],"yoast_head":"<!-- This site is optimized with the Yoast SEO plugin v24.3 - https:\/\/yoast.com\/wordpress\/plugins\/seo\/ -->\n<title>Aviso Legal - Maria Rosa Mata Assesoria<\/title>\n<meta name=\"robots\" content=\"index, follow, max-snippet:-1, max-image-preview:large, max-video-preview:-1\" \/>\n<link rel=\"canonical\" href=\"https:\/\/www.mariarosamata.es\/es\/aviso-legal\/\" \/>\n<meta property=\"og:locale\" content=\"es_ES\" \/>\n<meta property=\"og:type\" content=\"article\" \/>\n<meta property=\"og:title\" content=\"Aviso Legal - Maria Rosa Mata Assesoria\" \/>\n<meta property=\"og:description\" content=\"LEY DE LOS SERVICIOS DE LA SOCIEDAD DE LA INFORMACI\u00d3N [&hellip;]\" \/>\n<meta property=\"og:url\" content=\"https:\/\/www.mariarosamata.es\/es\/aviso-legal\/\" \/>\n<meta property=\"og:site_name\" content=\"Maria Rosa Mata Assesoria\" \/>\n<meta property=\"article:modified_time\" content=\"2025-06-18T10:06:28+00:00\" \/>\n<meta name=\"twitter:card\" content=\"summary_large_image\" \/>\n<meta name=\"twitter:label1\" content=\"Tiempo de lectura\" \/>\n\t<meta name=\"twitter:data1\" content=\"7 minutos\" \/>\n<script type=\"application\/ld+json\" class=\"yoast-schema-graph\">{\"@context\":\"https:\/\/schema.org\",\"@graph\":[{\"@type\":\"WebPage\",\"@id\":\"https:\/\/www.mariarosamata.es\/es\/aviso-legal\/\",\"url\":\"https:\/\/www.mariarosamata.es\/es\/aviso-legal\/\",\"name\":\"Aviso Legal - Maria Rosa Mata Assesoria\",\"isPartOf\":{\"@id\":\"https:\/\/www.mariarosamata.es\/#website\"},\"datePublished\":\"2023-06-28T08:07:43+00:00\",\"dateModified\":\"2025-06-18T10:06:28+00:00\",\"breadcrumb\":{\"@id\":\"https:\/\/www.mariarosamata.es\/es\/aviso-legal\/#breadcrumb\"},\"inLanguage\":\"es\",\"potentialAction\":[{\"@type\":\"ReadAction\",\"target\":[\"https:\/\/www.mariarosamata.es\/es\/aviso-legal\/\"]}]},{\"@type\":\"BreadcrumbList\",\"@id\":\"https:\/\/www.mariarosamata.es\/es\/aviso-legal\/#breadcrumb\",\"itemListElement\":[{\"@type\":\"ListItem\",\"position\":1,\"name\":\"Inici\",\"item\":\"https:\/\/www.mariarosamata.es\/es\/home\/\"},{\"@type\":\"ListItem\",\"position\":2,\"name\":\"Aviso Legal\"}]},{\"@type\":\"WebSite\",\"@id\":\"https:\/\/www.mariarosamata.es\/#website\",\"url\":\"https:\/\/www.mariarosamata.es\/\",\"name\":\"Cabes i Mata\",\"description\":\"Maria Rosa Mata Assesoria\",\"publisher\":{\"@id\":\"https:\/\/www.mariarosamata.es\/#organization\"},\"potentialAction\":[{\"@type\":\"SearchAction\",\"target\":{\"@type\":\"EntryPoint\",\"urlTemplate\":\"https:\/\/www.mariarosamata.es\/?s={search_term_string}\"},\"query-input\":{\"@type\":\"PropertyValueSpecification\",\"valueRequired\":true,\"valueName\":\"search_term_string\"}}],\"inLanguage\":\"es\"},{\"@type\":\"Organization\",\"@id\":\"https:\/\/www.mariarosamata.es\/#organization\",\"name\":\"Cabes i Mata\",\"url\":\"https:\/\/www.mariarosamata.es\/\",\"logo\":{\"@type\":\"ImageObject\",\"inLanguage\":\"es\",\"@id\":\"https:\/\/www.mariarosamata.es\/#\/schema\/logo\/image\/\",\"url\":\"http:\/\/mariarosamata.es\/wp-content\/uploads\/2023\/07\/logo_roig_transparent_movil.png\",\"contentUrl\":\"http:\/\/mariarosamata.es\/wp-content\/uploads\/2023\/07\/logo_roig_transparent_movil.png\",\"width\":393,\"height\":230,\"caption\":\"Cabes i Mata\"},\"image\":{\"@id\":\"https:\/\/www.mariarosamata.es\/#\/schema\/logo\/image\/\"}}]}<\/script>\n<!-- \/ Yoast SEO plugin. -->","yoast_head_json":{"title":"Aviso Legal - Maria Rosa Mata Assesoria","robots":{"index":"index","follow":"follow","max-snippet":"max-snippet:-1","max-image-preview":"max-image-preview:large","max-video-preview":"max-video-preview:-1"},"canonical":"https:\/\/www.mariarosamata.es\/es\/aviso-legal\/","og_locale":"es_ES","og_type":"article","og_title":"Aviso Legal - Maria Rosa Mata Assesoria","og_description":"LEY DE LOS SERVICIOS DE LA SOCIEDAD DE LA INFORMACI\u00d3N [&hellip;]","og_url":"https:\/\/www.mariarosamata.es\/es\/aviso-legal\/","og_site_name":"Maria Rosa Mata Assesoria","article_modified_time":"2025-06-18T10:06:28+00:00","twitter_card":"summary_large_image","twitter_misc":{"Tiempo de lectura":"7 minutos"},"schema":{"@context":"https:\/\/schema.org","@graph":[{"@type":"WebPage","@id":"https:\/\/www.mariarosamata.es\/es\/aviso-legal\/","url":"https:\/\/www.mariarosamata.es\/es\/aviso-legal\/","name":"Aviso Legal - Maria Rosa Mata Assesoria","isPartOf":{"@id":"https:\/\/www.mariarosamata.es\/#website"},"datePublished":"2023-06-28T08:07:43+00:00","dateModified":"2025-06-18T10:06:28+00:00","breadcrumb":{"@id":"https:\/\/www.mariarosamata.es\/es\/aviso-legal\/#breadcrumb"},"inLanguage":"es","potentialAction":[{"@type":"ReadAction","target":["https:\/\/www.mariarosamata.es\/es\/aviso-legal\/"]}]},{"@type":"BreadcrumbList","@id":"https:\/\/www.mariarosamata.es\/es\/aviso-legal\/#breadcrumb","itemListElement":[{"@type":"ListItem","position":1,"name":"Inici","item":"https:\/\/www.mariarosamata.es\/es\/home\/"},{"@type":"ListItem","position":2,"name":"Aviso Legal"}]},{"@type":"WebSite","@id":"https:\/\/www.mariarosamata.es\/#website","url":"https:\/\/www.mariarosamata.es\/","name":"Cabes i Mata","description":"Maria Rosa Mata Assesoria","publisher":{"@id":"https:\/\/www.mariarosamata.es\/#organization"},"potentialAction":[{"@type":"SearchAction","target":{"@type":"EntryPoint","urlTemplate":"https:\/\/www.mariarosamata.es\/?s={search_term_string}"},"query-input":{"@type":"PropertyValueSpecification","valueRequired":true,"valueName":"search_term_string"}}],"inLanguage":"es"},{"@type":"Organization","@id":"https:\/\/www.mariarosamata.es\/#organization","name":"Cabes i Mata","url":"https:\/\/www.mariarosamata.es\/","logo":{"@type":"ImageObject","inLanguage":"es","@id":"https:\/\/www.mariarosamata.es\/#\/schema\/logo\/image\/","url":"http:\/\/mariarosamata.es\/wp-content\/uploads\/2023\/07\/logo_roig_transparent_movil.png","contentUrl":"http:\/\/mariarosamata.es\/wp-content\/uploads\/2023\/07\/logo_roig_transparent_movil.png","width":393,"height":230,"caption":"Cabes i Mata"},"image":{"@id":"https:\/\/www.mariarosamata.es\/#\/schema\/logo\/image\/"}}]}},"_links":{"self":[{"href":"https:\/\/www.mariarosamata.es\/es\/wp-json\/wp\/v2\/pages\/2667","targetHints":{"allow":["GET"]}}],"collection":[{"href":"https:\/\/www.mariarosamata.es\/es\/wp-json\/wp\/v2\/pages"}],"about":[{"href":"https:\/\/www.mariarosamata.es\/es\/wp-json\/wp\/v2\/types\/page"}],"author":[{"embeddable":true,"href":"https:\/\/www.mariarosamata.es\/es\/wp-json\/wp\/v2\/users\/1"}],"replies":[{"embeddable":true,"href":"https:\/\/www.mariarosamata.es\/es\/wp-json\/wp\/v2\/comments?post=2667"}],"version-history":[{"count":2,"href":"https:\/\/www.mariarosamata.es\/es\/wp-json\/wp\/v2\/pages\/2667\/revisions"}],"predecessor-version":[{"id":2897,"href":"https:\/\/www.mariarosamata.es\/es\/wp-json\/wp\/v2\/pages\/2667\/revisions\/2897"}],"wp:attachment":[{"href":"https:\/\/www.mariarosamata.es\/es\/wp-json\/wp\/v2\/media?parent=2667"}],"curies":[{"name":"wp","href":"https:\/\/api.w.org\/{rel}","templated":true}]}}