{"id":2678,"date":"2023-06-28T10:14:50","date_gmt":"2023-06-28T08:14:50","guid":{"rendered":"http:\/\/mariarosamata.es\/politica-de-cookies\/"},"modified":"2025-06-18T12:24:30","modified_gmt":"2025-06-18T10:24:30","slug":"politica-de-cookies","status":"publish","type":"page","link":"https:\/\/www.mariarosamata.es\/es\/politica-de-cookies\/","title":{"rendered":"Pol\u00edtica de cookies"},"content":{"rendered":"<h2>POL\u00cdTICA DE COOKIES<\/h2>\n<p>Desde Maria Rosa Mata deseamos informar que nuestra p\u00e1gina web utiliza cookies para analizar la navegaci\u00f3n de usuarios. Las cookies son unos archivos que se instalan en el equipo desde el que se accede a nuestra web con las finalidades que se describen en esta p\u00e1gina. Las aplicaciones que utilizamos para obtener y analizar la informaci\u00f3n de la navegaci\u00f3n son:<\/p>\n<h3>Cookies Propias<\/h3>\n<p>Para que puedas navegar correctamente por <a href=\"http:\/\/www.mariarosamata.es\/\">www.mariarosamata.es<\/a> y, entre otras cosas, se les permita almacenar y recuperar informaci\u00f3n sobre tu navegaci\u00f3n, utilizamos dos tipos de cookies: <\/p>\n<p><strong>Cookies t\u00e9cnicas:<\/strong> Utilizamos un tipo de cookies que permite el funcionamiento b\u00e1sico de la web y son imprescindibles para controlar el tr\u00e1fico y la comunicaci\u00f3n de datos, identificar la sesi\u00f3n, recordar los elementos que integran un pedido, realizar el proceso de compra, etc. La cookie PHPSESSID que puedes ver en la configuraci\u00f3n de su navegador es una cookie t\u00e9cnica.<\/p>\n<p><strong>Cookies de an\u00e1lisis y personalizaci\u00f3n:<\/strong> Utilizamos cookies que nos permiten identificar a los usuarios recurrentes para poder analizar el uso que hacen de la web y personalizar su experiencia. La cookie uid que puedes ver en la configuraci\u00f3n de su navegador es una cookie de an\u00e1lisis y personalizaci\u00f3n.<\/p>\n<h3>Cookies de Terceros<\/h3>\n<h4>Cookies de an\u00e1lisis:<\/h4>\n<p>G<strong>oogle Analytic<\/strong>s<br \/>\nEs la aplicaci\u00f3n que utilizamos para obtener y analizar las estad\u00edsticas de uso de www.mariarosamata.es.Google Analytics<br \/>\u00c9s l&#8217;aplicaci\u00f3 que utilitzem per obtenir i analitzar estad\u00edstiques d&#8217;\u00fas de <a href=\"http:\/\/www.mariarosamata.es\/\">www.mariarosamata.es<\/a>. De acuerdo con su <a href=\"https:\/\/www.google.com\/analytics\/learn\/privacy.html?hl=es\" target=\"_blank\" rel=\"external noopener\">pol\u00edtica de privacidad<\/a>, Google puede utilizar estos datos para mejorar sus propios servicios y ofrecer servicios a otras empresas. Google Analytics NO almacena nombres, apellidos, emails, ni direcciones postales. El tipo de informaci\u00f3n almacenada incluye idioma, localizaci\u00f3n (a nivel de ciudad), frecuencia y reincidencia de las visitas, tiempo de visita, navegador y sistema operativo, origen de la visita, etc. En <a href=\"http:\/\/www.mariarosamata.es\/\">www.mariarosamata.es<\/a> utilizamos esta informaci\u00f3n para mejorar continuamente nuestra web. Las cookies __utma, __utmb, __utmc y __utmz que puedes ver en la configuraci\u00f3n de tu navegador son de Google Analytics. La empresa proveedora de esta cookie es Google.<\/p>\n<h4>Cookies de Publicidad:<\/h4>\n<p><strong>Google Adwords<\/strong> es la herramienta de Google que permite publicar anuncios en su buscador. Las cookies de Google Adwords permiten medir el \u00e9xito de nuestras campa\u00f1as publicitarias, calculando el importe de las ventas generado por cada campa\u00f1a. La cookie __ar_v4 que puedes ver en la configuraci\u00f3n de tu navegador es de Google Adwords. La empresa proveedora de esta cookie es Google.<\/p>\n<p><strong>Google Shopping Review<\/strong><br \/>\nes la herramienta de Google que permite a\u00f1adir puntuaciones de productos que se muestran mediante un sistema de valoraci\u00f3n de 1 a 5 estrellas y un recuento del n\u00famero total de rese\u00f1as.<\/p>\n<p><strong>Remarketing din\u00e1mico de Google<\/strong> es la herramienta que permite mostrar anuncios en la red de display de Google a visitantes de nuestro sitio web. La empresa proveedora de esta cookie es Google.<\/p>\n<p><strong>Facebook.<\/strong><br \/>\nA trav\u00e9s de las cookies de Facebook podemos publicar anuncios y medir la efectividad de nuestras campa\u00f1as publicitarias sobre los usuarios de Facebook, calculando el importe de las ventas generado por cada campa\u00f1a.Facebook.<br \/>A trav\u00e9s de les cookies de Facebook podem, publicar anuncis i mesurar l&#8217;efectivitat de les nostres campanyes publicit\u00e0ries sobre els usuaris de Facebook, calculant l&#8217;import de les vendes generat per cada campanya. La empresa proveedora de estas cookies es Facebook<\/p>\n<p><strong>Twitter.<\/strong> A trav\u00e9s de las cookies de Twitter podemos publicar anuncios y medir la efectividad de nuestras campa\u00f1as publicitarias sobre los usuarios de Twitter, calculando el importe de las ventas generado por cada campa\u00f1a. La empresa proveedora de estas cookies es Twitter<\/p>\n<p>Estas aplicaciones han sido desarrolladas por terceros, que nos prestan servicios de an\u00e1lisis de la audiencia de nuestra p\u00e1gina y publicidad. Estas empresas pueden utilizar estos datos para mejorar sus propios servicios y ofrecer servicios a otras empresas. Pueden conocerse estos otros usos desde los enlaces indicados.<\/p>\n<p>Estas herramientas no obtienen datos de los nombres o apellidos de los usuarios ni de la direcci\u00f3n postal desde la que se conectan. La informaci\u00f3n que obtienen est\u00e1 relacionada por ejemplo con el n\u00famero de p\u00e1ginas visitas, el idioma, red social en la que se publican nuestras noticias, la ciudad a la que est\u00e1 asignada la direcci\u00f3n IP desde la que acceden los usuarios, el n\u00famero de usuarios que nos visitan, la frecuencia y reincidencia de las visitas, el tiempo de visita, el navegador que utilizan, el operador o tipo de terminal desde el que se realiza la visita, los productos y categor\u00edas m\u00e1s visitadas.<\/p>\n<p>Esta informaci\u00f3n la utilizamos para mejorar nuestra p\u00e1gina, detectar nuevas necesidades y valorar las mejoras a introducir con el fin de prestar un mejor servicio a los usuarios que nos visiten. Para permitir, conocer, bloquear o eliminar las cookies instaladas en el equipo puede realizarse mediante la configuraci\u00f3n de las opciones del navegador instalado en el ordenador. Por ejemplo se puede encontrar informaci\u00f3n sobre c\u00f3mo hacerlo en caso de que se utilice como navegador:<\/p>\n<p>&#8211;<br \/>\nPuedes obtener m\u00e1s informaci\u00f3n sobre el navegador Firefox desde aqu\u00ed:<\/p>\n<p><a href=\"https:\/\/support.mozilla.org\/es\/kb\/habilitar-y-deshabilitar-cookies-sitios-web-rastrear-preferencias?redirectlocale=es&amp;redirectslug=habilitar-y-deshabilitar-cookies-que-los-sitios-we\" rel=\"external\">https:\/\/support.mozilla.org\/<wbr><\/wbr>es\/kb\/habilitar-y-<wbr><\/wbr>deshabilitar-cookies-sitios-<wbr><\/wbr>web-rastrear-preferencias?<wbr><\/wbr>redirectlocale=es&amp;<wbr><\/wbr>redirectslug=habilitar-y-<wbr><\/wbr>deshabilitar-cookies-que-los-<wbr><\/wbr>sitios-we<\/a><\/p>\n<p>&#8211;<br \/>\nPuedes obtener m\u00e1s informaci\u00f3n sobre el navegador Chrome desde aqu\u00ed:<\/p>\n<p><a href=\"https:\/\/support.google.com\/chrome\/answer\/95647?hl=es\" rel=\"external\">https:\/\/support.google.com\/<wbr><\/wbr>chrome\/answer\/95647?hl=es<\/a><\/p>\n<p>&#8211;<br \/>\nPuedes obtener m\u00e1s informaci\u00f3n sobre el navegador Internet Explorer desde aqu\u00ed:<\/p>\n<p><a href=\"https:\/\/support.microsoft.com\/es-es\/help\/17442\/windows-internet-explorer-delete-manage-cookies\" rel=\"external\">https:\/\/support.microsoft.com\/<wbr><\/wbr>es-es\/help\/17442\/windows-<wbr><\/wbr>internet-explorer-delete-<wbr><\/wbr>manage-cookies<\/a><\/p>\n<p>&#8211; Puedes obtener m\u00e1s informaci\u00f3n sobre el navegador Safari desde aqu\u00ed:<\/p>\n<p><a href=\"https:\/\/support.apple.com\/kb\/PH19214?viewlocale=es_ES&amp;locale=es_ES\" rel=\"external\">https:\/\/support.apple.com\/kb\/<wbr><\/wbr>PH19214?viewlocale=es_ES&amp;<wbr><\/wbr>locale=es_ES<\/a><\/p>\n<p>&#8211; Puedes obtener m\u00e1s informaci\u00f3n sobre el navegador Opera desde aqu\u00ed:<\/p>\n<p><a href=\"http:\/\/help.opera.com\/Windows\/11.50\/es-ES\/cookies.html\" rel=\"external\">http:\/\/help.opera.com\/Windows\/<wbr><\/wbr>11.50\/es-ES\/cookies.html<\/a><\/p>\n<h2>Aceptaci\u00f3n de esta pol\u00edtica<\/h2>\n<p>Si continuas navegando por <a href=\"http:\/\/www.mariarosamata.es\/\">www.cabesimata.es<\/a>, consideraremos que aceptas esta pol\u00edtica de cookies.<\/p>\n","protected":false},"excerpt":{"rendered":"<p>POL\u00cdTICA DE COOKIES Desde Maria Rosa Mata deseamos informar que [&hellip;]<\/p>\n","protected":false},"author":1,"featured_media":0,"parent":0,"menu_order":0,"comment_status":"closed","ping_status":"closed","template":"100-width.php","meta":{"footnotes":""},"class_list":["post-2678","page","type-page","status-publish","hentry"],"yoast_head":"<!-- This site is optimized with the Yoast SEO plugin v24.3 - https:\/\/yoast.com\/wordpress\/plugins\/seo\/ -->\n<title>Pol\u00edtica de cookies - Maria Rosa Mata Assesoria<\/title>\n<meta name=\"robots\" content=\"index, follow, max-snippet:-1, max-image-preview:large, max-video-preview:-1\" \/>\n<link rel=\"canonical\" href=\"https:\/\/www.mariarosamata.es\/es\/politica-de-cookies\/\" \/>\n<meta property=\"og:locale\" content=\"es_ES\" \/>\n<meta property=\"og:type\" content=\"article\" \/>\n<meta property=\"og:title\" content=\"Pol\u00edtica de cookies - Maria Rosa Mata Assesoria\" \/>\n<meta property=\"og:description\" content=\"POL\u00cdTICA DE COOKIES Desde Maria Rosa Mata deseamos informar que [&hellip;]\" \/>\n<meta property=\"og:url\" content=\"https:\/\/www.mariarosamata.es\/es\/politica-de-cookies\/\" \/>\n<meta property=\"og:site_name\" content=\"Maria Rosa Mata Assesoria\" \/>\n<meta property=\"article:modified_time\" content=\"2025-06-18T10:24:30+00:00\" \/>\n<meta name=\"twitter:card\" content=\"summary_large_image\" \/>\n<meta name=\"twitter:label1\" content=\"Tiempo de lectura\" \/>\n\t<meta name=\"twitter:data1\" content=\"5 minutos\" \/>\n<script type=\"application\/ld+json\" class=\"yoast-schema-graph\">{\"@context\":\"https:\/\/schema.org\",\"@graph\":[{\"@type\":\"WebPage\",\"@id\":\"https:\/\/www.mariarosamata.es\/es\/politica-de-cookies\/\",\"url\":\"https:\/\/www.mariarosamata.es\/es\/politica-de-cookies\/\",\"name\":\"Pol\u00edtica de cookies - Maria Rosa Mata Assesoria\",\"isPartOf\":{\"@id\":\"https:\/\/www.mariarosamata.es\/#website\"},\"datePublished\":\"2023-06-28T08:14:50+00:00\",\"dateModified\":\"2025-06-18T10:24:30+00:00\",\"breadcrumb\":{\"@id\":\"https:\/\/www.mariarosamata.es\/es\/politica-de-cookies\/#breadcrumb\"},\"inLanguage\":\"es\",\"potentialAction\":[{\"@type\":\"ReadAction\",\"target\":[\"https:\/\/www.mariarosamata.es\/es\/politica-de-cookies\/\"]}]},{\"@type\":\"BreadcrumbList\",\"@id\":\"https:\/\/www.mariarosamata.es\/es\/politica-de-cookies\/#breadcrumb\",\"itemListElement\":[{\"@type\":\"ListItem\",\"position\":1,\"name\":\"Inici\",\"item\":\"https:\/\/www.mariarosamata.es\/es\/home\/\"},{\"@type\":\"ListItem\",\"position\":2,\"name\":\"Pol\u00edtica de cookies\"}]},{\"@type\":\"WebSite\",\"@id\":\"https:\/\/www.mariarosamata.es\/#website\",\"url\":\"https:\/\/www.mariarosamata.es\/\",\"name\":\"Cabes i Mata\",\"description\":\"Maria Rosa Mata Assesoria\",\"publisher\":{\"@id\":\"https:\/\/www.mariarosamata.es\/#organization\"},\"potentialAction\":[{\"@type\":\"SearchAction\",\"target\":{\"@type\":\"EntryPoint\",\"urlTemplate\":\"https:\/\/www.mariarosamata.es\/?s={search_term_string}\"},\"query-input\":{\"@type\":\"PropertyValueSpecification\",\"valueRequired\":true,\"valueName\":\"search_term_string\"}}],\"inLanguage\":\"es\"},{\"@type\":\"Organization\",\"@id\":\"https:\/\/www.mariarosamata.es\/#organization\",\"name\":\"Cabes i Mata\",\"url\":\"https:\/\/www.mariarosamata.es\/\",\"logo\":{\"@type\":\"ImageObject\",\"inLanguage\":\"es\",\"@id\":\"https:\/\/www.mariarosamata.es\/#\/schema\/logo\/image\/\",\"url\":\"http:\/\/mariarosamata.es\/wp-content\/uploads\/2023\/07\/logo_roig_transparent_movil.png\",\"contentUrl\":\"http:\/\/mariarosamata.es\/wp-content\/uploads\/2023\/07\/logo_roig_transparent_movil.png\",\"width\":393,\"height\":230,\"caption\":\"Cabes i Mata\"},\"image\":{\"@id\":\"https:\/\/www.mariarosamata.es\/#\/schema\/logo\/image\/\"}}]}<\/script>\n<!-- \/ Yoast SEO plugin. -->","yoast_head_json":{"title":"Pol\u00edtica de cookies - Maria Rosa Mata Assesoria","robots":{"index":"index","follow":"follow","max-snippet":"max-snippet:-1","max-image-preview":"max-image-preview:large","max-video-preview":"max-video-preview:-1"},"canonical":"https:\/\/www.mariarosamata.es\/es\/politica-de-cookies\/","og_locale":"es_ES","og_type":"article","og_title":"Pol\u00edtica de cookies - Maria Rosa Mata Assesoria","og_description":"POL\u00cdTICA DE COOKIES Desde Maria Rosa Mata deseamos informar que [&hellip;]","og_url":"https:\/\/www.mariarosamata.es\/es\/politica-de-cookies\/","og_site_name":"Maria Rosa Mata Assesoria","article_modified_time":"2025-06-18T10:24:30+00:00","twitter_card":"summary_large_image","twitter_misc":{"Tiempo de lectura":"5 minutos"},"schema":{"@context":"https:\/\/schema.org","@graph":[{"@type":"WebPage","@id":"https:\/\/www.mariarosamata.es\/es\/politica-de-cookies\/","url":"https:\/\/www.mariarosamata.es\/es\/politica-de-cookies\/","name":"Pol\u00edtica de cookies - Maria Rosa Mata Assesoria","isPartOf":{"@id":"https:\/\/www.mariarosamata.es\/#website"},"datePublished":"2023-06-28T08:14:50+00:00","dateModified":"2025-06-18T10:24:30+00:00","breadcrumb":{"@id":"https:\/\/www.mariarosamata.es\/es\/politica-de-cookies\/#breadcrumb"},"inLanguage":"es","potentialAction":[{"@type":"ReadAction","target":["https:\/\/www.mariarosamata.es\/es\/politica-de-cookies\/"]}]},{"@type":"BreadcrumbList","@id":"https:\/\/www.mariarosamata.es\/es\/politica-de-cookies\/#breadcrumb","itemListElement":[{"@type":"ListItem","position":1,"name":"Inici","item":"https:\/\/www.mariarosamata.es\/es\/home\/"},{"@type":"ListItem","position":2,"name":"Pol\u00edtica de cookies"}]},{"@type":"WebSite","@id":"https:\/\/www.mariarosamata.es\/#website","url":"https:\/\/www.mariarosamata.es\/","name":"Cabes i Mata","description":"Maria Rosa Mata Assesoria","publisher":{"@id":"https:\/\/www.mariarosamata.es\/#organization"},"potentialAction":[{"@type":"SearchAction","target":{"@type":"EntryPoint","urlTemplate":"https:\/\/www.mariarosamata.es\/?s={search_term_string}"},"query-input":{"@type":"PropertyValueSpecification","valueRequired":true,"valueName":"search_term_string"}}],"inLanguage":"es"},{"@type":"Organization","@id":"https:\/\/www.mariarosamata.es\/#organization","name":"Cabes i Mata","url":"https:\/\/www.mariarosamata.es\/","logo":{"@type":"ImageObject","inLanguage":"es","@id":"https:\/\/www.mariarosamata.es\/#\/schema\/logo\/image\/","url":"http:\/\/mariarosamata.es\/wp-content\/uploads\/2023\/07\/logo_roig_transparent_movil.png","contentUrl":"http:\/\/mariarosamata.es\/wp-content\/uploads\/2023\/07\/logo_roig_transparent_movil.png","width":393,"height":230,"caption":"Cabes i Mata"},"image":{"@id":"https:\/\/www.mariarosamata.es\/#\/schema\/logo\/image\/"}}]}},"_links":{"self":[{"href":"https:\/\/www.mariarosamata.es\/es\/wp-json\/wp\/v2\/pages\/2678","targetHints":{"allow":["GET"]}}],"collection":[{"href":"https:\/\/www.mariarosamata.es\/es\/wp-json\/wp\/v2\/pages"}],"about":[{"href":"https:\/\/www.mariarosamata.es\/es\/wp-json\/wp\/v2\/types\/page"}],"author":[{"embeddable":true,"href":"https:\/\/www.mariarosamata.es\/es\/wp-json\/wp\/v2\/users\/1"}],"replies":[{"embeddable":true,"href":"https:\/\/www.mariarosamata.es\/es\/wp-json\/wp\/v2\/comments?post=2678"}],"version-history":[{"count":1,"href":"https:\/\/www.mariarosamata.es\/es\/wp-json\/wp\/v2\/pages\/2678\/revisions"}],"predecessor-version":[{"id":2906,"href":"https:\/\/www.mariarosamata.es\/es\/wp-json\/wp\/v2\/pages\/2678\/revisions\/2906"}],"wp:attachment":[{"href":"https:\/\/www.mariarosamata.es\/es\/wp-json\/wp\/v2\/media?parent=2678"}],"curies":[{"name":"wp","href":"https:\/\/api.w.org\/{rel}","templated":true}]}}