{"id":2691,"date":"2023-06-27T12:21:01","date_gmt":"2023-06-27T10:21:01","guid":{"rendered":"http:\/\/mariarosamata.es\/politica-de-privacidad\/"},"modified":"2025-06-18T12:09:57","modified_gmt":"2025-06-18T10:09:57","slug":"politica-de-privacidad","status":"publish","type":"page","link":"https:\/\/www.mariarosamata.es\/es\/politica-de-privacidad\/","title":{"rendered":"Pol\u00edtica de privacidad"},"content":{"rendered":"<h2>POL\u00cdTICA DE PRIVACIDAD<\/h2>\n<p><strong>Maria Rosa Mata<\/strong>, en adelante RESPONSABLE, es el responsable del tratamiento de los datos personales del Usuario y le informa de que estos datos ser\u00e1n tratados de conformidad con lo dispuesto en el Reglamento (UE) 2016\/679 de 27 de abril de 2016 (GDPR) relativo a la protecci\u00f3n de las personas f\u00edsicas en cuanto a la lo que le facilita la siguiente informaci\u00f3n del tratamiento: <strong>Fin del tratamiento<\/strong> Mantener una relaci\u00f3n comercial con el Usuario. Las operaciones previstas para realizar el tratamiento son:<\/p>\n<ul>\n<li>Remisi\u00f3n de comunicaciones comerciales publicitarias por e-mail, fax, SMS, MMS, comunidades sociales o cualquier otro medio electr\u00f3nico o f\u00edsico, presente o futuro, que posibilite realizar comunicaciones comerciales. Estas comunicaciones ser\u00e1n realizadas por el RESPONSABLE y relacionadas sobre sus productos y servicios, o de sus colaboradores o proveedores con los que \u00e9ste haya llegado a alg\u00fan acuerdo de promoci\u00f3n. En ese caso, los terceros nunca tendr\u00e1n acceso a los datos personales.<\/li>\n<li>Realizar estudios estad\u00edsticos.<\/li>\n<li>Tramitar encargos de peticiones o cualquier tipo de petici\u00f3n que sea realizada por el usuario a trav\u00e9s de cualquiera de las formas de contacto que se ponen a su disposici\u00f3n.<\/li>\n<li>Remitir el bolet\u00edn de noticias de la p\u00e1gina web.<\/li>\n<\/ul>\n<p><strong>Base jur\u00eddica del tratamiento<\/strong>: consentimiento del interesado. <strong>Criterios de conservaci\u00f3n de los datos<\/strong> Se conservar\u00e1n mientras haya un inter\u00e9s mutuo por mantener el jefe del tratamiento y cuando ya no sea necesario para tal fin, se suprimir\u00e1n con medidas de seguridad adecuadas para garantizar la seudonimizaci\u00f3n de los datos o la destrucci\u00f3n total de los mismos. <strong>Comunicaci\u00f3n de los datos<\/strong>: No se comunicar\u00e1n los datos a terceros, salvo obligaci\u00f3n legal. <strong>Derechos que asisten al Usuario<\/strong>:<\/p>\n<ul>\n<li>Derecho a retirar su consentimiento en cualquier momento.<\/li>\n<li>Derecho de acceso, rectificaci\u00f3n, portabilidad y supresi\u00f3n de sus datos y de la limitaci\u00f3n u oposici\u00f3n a su tratamiento.<\/li>\n<li>Derecho a presentar reclamaci\u00f3n ante la autoridad de control (www.aepd.es) si considera que el tratamiento no se ajusta a la normativa vigente.<\/li>\n<\/ul>\n<p><strong>Datos de contacto para ejercer sus derechos<\/strong>: Direcci\u00f3n postal: Calle Pere Calders 8, lc. 5, 08750 Molis de Rei. Email: &#8212;&#8211;@&#8212;&#8211;  <\/p>\n<ol start=\"2\">\n<li><strong>CAR\u00c1CTER OBLIGATORIO O FACULTATIVO DE LA INFORMACI\u00d3N FACILITADA POR EL USUARIO<\/strong><\/li>\n<\/ol>\n<p>Los Usuarios, mediante la marcaci\u00f3n de las casillas correspondientes y entrada de datos en los campos, marcados con un asterisco (*) en el formulario de contacto o presentados en formularios de descarga, aceptan expresamente y de forma libre e inequ\u00edvoca, que sus datos son necesarios para atender su petici\u00f3n, por parte de prestamista, siendo voluntaria la inclusi\u00f3n de datos en los campos restantes. El Usuario garantiza que los datos personales facilitados al RESPONSABLE son veraces y se hace responsable de comunicar cualquier modificaci\u00f3n de los mismos. El RESPONSABLE informa y garantiza expresamente a los usuarios que sus datos personales no ser\u00e1n cedidos en ning\u00fan caso a terceros, y que siempre que realizara alg\u00fan tipo de cesi\u00f3n de datos personales, se solicitar\u00e1 previamente el consentimiento expreso, informado e inequ\u00edvoco por parte de los Usuarios. Todos los datos solicitados a trav\u00e9s del sitio web son obligatorios, puesto que son necesarios para la prestaci\u00f3n de un servicio \u00f3ptimo al usuario. En caso de que no sean facilitados todos los datos, no se garantiza que la informaci\u00f3n y los servicios facilitados sean completamente ajustados a sus necesidades.<\/p>\n<ol start=\"3\">\n<li><strong> MEDIDAS DE SEGURIDAD <\/strong><\/li>\n<\/ol>\n<p>Que de conformidad con lo dispuesto en las normativas vigentes en protecci\u00f3n de datos personales, el RESPONSABLE est\u00e1 cumpliendo con todas las disposiciones de las normativas GDPR para el tratamiento de los datos personales de su responsabilidad, y manifiestamente con los principios descritos en el art\u00edculo 5 del GDPR, por los que son tratados de forma l\u00edcita, leal y transparente en relaci\u00f3n con lo que son tratados. El RESPONSABLE garantiza que ha implementado pol\u00edticas t\u00e9cnicas y organizativas apropiadas para aplicar las medidas de seguridad que establecen el GDPR para proteger los derechos y libertades de los usuarios y les ha comunicado la informaci\u00f3n adecuada para que puedan ejercitarlos.<\/p>\n","protected":false},"excerpt":{"rendered":"<p>POL\u00cdTICA DE PRIVACIDAD Maria Rosa Mata, en adelante RESPONSABLE, es [&hellip;]<\/p>\n","protected":false},"author":1,"featured_media":0,"parent":0,"menu_order":0,"comment_status":"closed","ping_status":"open","template":"","meta":{"footnotes":""},"class_list":["post-2691","page","type-page","status-publish","hentry"],"yoast_head":"<!-- This site is optimized with the Yoast SEO plugin v24.3 - https:\/\/yoast.com\/wordpress\/plugins\/seo\/ -->\n<title>Pol\u00edtica de privacidad - Maria Rosa Mata Assesoria<\/title>\n<meta name=\"robots\" content=\"index, follow, max-snippet:-1, max-image-preview:large, max-video-preview:-1\" \/>\n<link rel=\"canonical\" href=\"https:\/\/www.mariarosamata.es\/es\/politica-de-privacidad\/\" \/>\n<meta property=\"og:locale\" content=\"es_ES\" \/>\n<meta property=\"og:type\" content=\"article\" \/>\n<meta property=\"og:title\" content=\"Pol\u00edtica de privacidad - Maria Rosa Mata Assesoria\" \/>\n<meta property=\"og:description\" content=\"POL\u00cdTICA DE PRIVACIDAD Maria Rosa Mata, en adelante RESPONSABLE, es [&hellip;]\" \/>\n<meta property=\"og:url\" content=\"https:\/\/www.mariarosamata.es\/es\/politica-de-privacidad\/\" \/>\n<meta property=\"og:site_name\" content=\"Maria Rosa Mata Assesoria\" \/>\n<meta property=\"article:modified_time\" content=\"2025-06-18T10:09:57+00:00\" \/>\n<meta name=\"twitter:card\" content=\"summary_large_image\" \/>\n<meta name=\"twitter:label1\" content=\"Tiempo de lectura\" \/>\n\t<meta name=\"twitter:data1\" content=\"3 minutos\" \/>\n<script type=\"application\/ld+json\" class=\"yoast-schema-graph\">{\"@context\":\"https:\/\/schema.org\",\"@graph\":[{\"@type\":\"WebPage\",\"@id\":\"https:\/\/www.mariarosamata.es\/es\/politica-de-privacidad\/\",\"url\":\"https:\/\/www.mariarosamata.es\/es\/politica-de-privacidad\/\",\"name\":\"Pol\u00edtica de privacidad - Maria Rosa Mata Assesoria\",\"isPartOf\":{\"@id\":\"https:\/\/www.mariarosamata.es\/#website\"},\"datePublished\":\"2023-06-27T10:21:01+00:00\",\"dateModified\":\"2025-06-18T10:09:57+00:00\",\"breadcrumb\":{\"@id\":\"https:\/\/www.mariarosamata.es\/es\/politica-de-privacidad\/#breadcrumb\"},\"inLanguage\":\"es\",\"potentialAction\":[{\"@type\":\"ReadAction\",\"target\":[\"https:\/\/www.mariarosamata.es\/es\/politica-de-privacidad\/\"]}]},{\"@type\":\"BreadcrumbList\",\"@id\":\"https:\/\/www.mariarosamata.es\/es\/politica-de-privacidad\/#breadcrumb\",\"itemListElement\":[{\"@type\":\"ListItem\",\"position\":1,\"name\":\"Inici\",\"item\":\"https:\/\/www.mariarosamata.es\/es\/home\/\"},{\"@type\":\"ListItem\",\"position\":2,\"name\":\"Pol\u00edtica de privacidad\"}]},{\"@type\":\"WebSite\",\"@id\":\"https:\/\/www.mariarosamata.es\/#website\",\"url\":\"https:\/\/www.mariarosamata.es\/\",\"name\":\"Cabes i Mata\",\"description\":\"Maria Rosa Mata Assesoria\",\"publisher\":{\"@id\":\"https:\/\/www.mariarosamata.es\/#organization\"},\"potentialAction\":[{\"@type\":\"SearchAction\",\"target\":{\"@type\":\"EntryPoint\",\"urlTemplate\":\"https:\/\/www.mariarosamata.es\/?s={search_term_string}\"},\"query-input\":{\"@type\":\"PropertyValueSpecification\",\"valueRequired\":true,\"valueName\":\"search_term_string\"}}],\"inLanguage\":\"es\"},{\"@type\":\"Organization\",\"@id\":\"https:\/\/www.mariarosamata.es\/#organization\",\"name\":\"Cabes i Mata\",\"url\":\"https:\/\/www.mariarosamata.es\/\",\"logo\":{\"@type\":\"ImageObject\",\"inLanguage\":\"es\",\"@id\":\"https:\/\/www.mariarosamata.es\/#\/schema\/logo\/image\/\",\"url\":\"http:\/\/mariarosamata.es\/wp-content\/uploads\/2023\/07\/logo_roig_transparent_movil.png\",\"contentUrl\":\"http:\/\/mariarosamata.es\/wp-content\/uploads\/2023\/07\/logo_roig_transparent_movil.png\",\"width\":393,\"height\":230,\"caption\":\"Cabes i Mata\"},\"image\":{\"@id\":\"https:\/\/www.mariarosamata.es\/#\/schema\/logo\/image\/\"}}]}<\/script>\n<!-- \/ Yoast SEO plugin. -->","yoast_head_json":{"title":"Pol\u00edtica de privacidad - Maria Rosa Mata Assesoria","robots":{"index":"index","follow":"follow","max-snippet":"max-snippet:-1","max-image-preview":"max-image-preview:large","max-video-preview":"max-video-preview:-1"},"canonical":"https:\/\/www.mariarosamata.es\/es\/politica-de-privacidad\/","og_locale":"es_ES","og_type":"article","og_title":"Pol\u00edtica de privacidad - Maria Rosa Mata Assesoria","og_description":"POL\u00cdTICA DE PRIVACIDAD Maria Rosa Mata, en adelante RESPONSABLE, es [&hellip;]","og_url":"https:\/\/www.mariarosamata.es\/es\/politica-de-privacidad\/","og_site_name":"Maria Rosa Mata Assesoria","article_modified_time":"2025-06-18T10:09:57+00:00","twitter_card":"summary_large_image","twitter_misc":{"Tiempo de lectura":"3 minutos"},"schema":{"@context":"https:\/\/schema.org","@graph":[{"@type":"WebPage","@id":"https:\/\/www.mariarosamata.es\/es\/politica-de-privacidad\/","url":"https:\/\/www.mariarosamata.es\/es\/politica-de-privacidad\/","name":"Pol\u00edtica de privacidad - Maria Rosa Mata Assesoria","isPartOf":{"@id":"https:\/\/www.mariarosamata.es\/#website"},"datePublished":"2023-06-27T10:21:01+00:00","dateModified":"2025-06-18T10:09:57+00:00","breadcrumb":{"@id":"https:\/\/www.mariarosamata.es\/es\/politica-de-privacidad\/#breadcrumb"},"inLanguage":"es","potentialAction":[{"@type":"ReadAction","target":["https:\/\/www.mariarosamata.es\/es\/politica-de-privacidad\/"]}]},{"@type":"BreadcrumbList","@id":"https:\/\/www.mariarosamata.es\/es\/politica-de-privacidad\/#breadcrumb","itemListElement":[{"@type":"ListItem","position":1,"name":"Inici","item":"https:\/\/www.mariarosamata.es\/es\/home\/"},{"@type":"ListItem","position":2,"name":"Pol\u00edtica de privacidad"}]},{"@type":"WebSite","@id":"https:\/\/www.mariarosamata.es\/#website","url":"https:\/\/www.mariarosamata.es\/","name":"Cabes i Mata","description":"Maria Rosa Mata Assesoria","publisher":{"@id":"https:\/\/www.mariarosamata.es\/#organization"},"potentialAction":[{"@type":"SearchAction","target":{"@type":"EntryPoint","urlTemplate":"https:\/\/www.mariarosamata.es\/?s={search_term_string}"},"query-input":{"@type":"PropertyValueSpecification","valueRequired":true,"valueName":"search_term_string"}}],"inLanguage":"es"},{"@type":"Organization","@id":"https:\/\/www.mariarosamata.es\/#organization","name":"Cabes i Mata","url":"https:\/\/www.mariarosamata.es\/","logo":{"@type":"ImageObject","inLanguage":"es","@id":"https:\/\/www.mariarosamata.es\/#\/schema\/logo\/image\/","url":"http:\/\/mariarosamata.es\/wp-content\/uploads\/2023\/07\/logo_roig_transparent_movil.png","contentUrl":"http:\/\/mariarosamata.es\/wp-content\/uploads\/2023\/07\/logo_roig_transparent_movil.png","width":393,"height":230,"caption":"Cabes i Mata"},"image":{"@id":"https:\/\/www.mariarosamata.es\/#\/schema\/logo\/image\/"}}]}},"_links":{"self":[{"href":"https:\/\/www.mariarosamata.es\/es\/wp-json\/wp\/v2\/pages\/2691","targetHints":{"allow":["GET"]}}],"collection":[{"href":"https:\/\/www.mariarosamata.es\/es\/wp-json\/wp\/v2\/pages"}],"about":[{"href":"https:\/\/www.mariarosamata.es\/es\/wp-json\/wp\/v2\/types\/page"}],"author":[{"embeddable":true,"href":"https:\/\/www.mariarosamata.es\/es\/wp-json\/wp\/v2\/users\/1"}],"replies":[{"embeddable":true,"href":"https:\/\/www.mariarosamata.es\/es\/wp-json\/wp\/v2\/comments?post=2691"}],"version-history":[{"count":1,"href":"https:\/\/www.mariarosamata.es\/es\/wp-json\/wp\/v2\/pages\/2691\/revisions"}],"predecessor-version":[{"id":2899,"href":"https:\/\/www.mariarosamata.es\/es\/wp-json\/wp\/v2\/pages\/2691\/revisions\/2899"}],"wp:attachment":[{"href":"https:\/\/www.mariarosamata.es\/es\/wp-json\/wp\/v2\/media?parent=2691"}],"curies":[{"name":"wp","href":"https:\/\/api.w.org\/{rel}","templated":true}]}}